{"id":48,"date":"2024-01-25T22:03:24","date_gmt":"2024-01-25T22:03:24","guid":{"rendered":"http:\/\/www.rikatekstil.com.tr\/?page_id=48"},"modified":"2024-01-27T09:07:31","modified_gmt":"2024-01-27T09:07:31","slug":"hakkimizda","status":"publish","type":"page","link":"http:\/\/www.rikatekstil.com.tr\/?page_id=48","title":{"rendered":"Hakk\u0131m\u0131zda"},"content":{"rendered":"\n<p class=\"has-ast-global-color-4-background-color has-background\"><strong>Rika Aksesuar Tekstil Sanayi \u0130\u00e7 ve D\u0131\u015f Ticaret Limited \u015eirketi 2024 y\u0131l\u0131nda Sakarya Akyaz\u0131\u2019da tekstil ve tekstil aksesuarlar\u0131 alan\u0131nda \u00fcretim yapmak \u00fczere kurulmu\u015ftur. Her zaman kaliteli \u00fcretim ve kaliteli \u00fcr\u00fcn \u00e7e\u015fitlili\u011fi ilkesiyle yola \u00e7\u0131kan Rika, T\u00fcrkiye&#8217;de y\u0131llar s\u00fcrecek ciddi at\u0131l\u0131mlar sonucunda hem sekt\u00f6r\u00fcn lider kurulu\u015fu hem de tekstil sekt\u00f6r\u00fcn\u00fcn aktif bir oyuncusu olmay\u0131 hedeflemektedir.<\/strong> <br><br><strong>M\u00fc\u015fterilerimiz i\u00e7in en d\u00fc\u015f\u00fck maliyetle en y\u00fcksek fayday\u0131 sa\u011flayacak gerekli malzemeleri, s\u00fcrd\u00fcr\u00fclebilir b\u00fcy\u00fcme ve \u00e7evremizi koruyarak kaliteli ve yenilik\u00e7i olarak \u00fcretmek, sekt\u00f6r\u00fcn ihtiya\u00e7lar\u0131n\u0131 uzman kadromuzla kar\u015f\u0131lamak amac\u0131m\u0131zd\u0131r.<\/strong><br><\/p>\n\n\n\n<p><\/p>\n\n\n\n<figure class=\"wp-block-image size-full is-resized\"><img loading=\"lazy\" decoding=\"async\" width=\"1199\" height=\"780\" src=\"http:\/\/www.rikatekstil.com.tr\/wp-content\/uploads\/2024\/01\/fabrika-binasi.jpg\" alt=\"\" class=\"wp-image-205\" style=\"aspect-ratio:1.3333333333333333;object-fit:cover;width:1199px;height:auto\" srcset=\"http:\/\/www.rikatekstil.com.tr\/wp-content\/uploads\/2024\/01\/fabrika-binasi.jpg 1199w, http:\/\/www.rikatekstil.com.tr\/wp-content\/uploads\/2024\/01\/fabrika-binasi-300x195.jpg 300w, http:\/\/www.rikatekstil.com.tr\/wp-content\/uploads\/2024\/01\/fabrika-binasi-1024x666.jpg 1024w, http:\/\/www.rikatekstil.com.tr\/wp-content\/uploads\/2024\/01\/fabrika-binasi-768x500.jpg 768w\" sizes=\"auto, (max-width: 1199px) 100vw, 1199px\" \/><\/figure>\n","protected":false},"excerpt":{"rendered":"<p>Rika Aksesuar Tekstil Sanayi \u0130\u00e7 ve D\u0131\u015f Ticaret Limited \u015eirketi 2024 y\u0131l\u0131nda Sakarya Akyaz\u0131\u2019da tekstil ve tekstil aksesuarlar\u0131 alan\u0131nda \u00fcretim yapmak \u00fczere kurulmu\u015ftur. Her zaman kaliteli \u00fcretim ve kaliteli \u00fcr\u00fcn \u00e7e\u015fitlili\u011fi ilkesiyle yola \u00e7\u0131kan Rika, T\u00fcrkiye&#8217;de y\u0131llar s\u00fcrecek ciddi at\u0131l\u0131mlar sonucunda hem sekt\u00f6r\u00fcn lider kurulu\u015fu hem de tekstil sekt\u00f6r\u00fcn\u00fcn aktif bir oyuncusu olmay\u0131 hedeflemektedir. M\u00fc\u015fterilerimiz [&hellip;]<\/p>\n","protected":false},"author":1,"featured_media":0,"parent":0,"menu_order":0,"comment_status":"closed","ping_status":"closed","template":"","meta":{"site-sidebar-layout":"default","site-content-layout":"","ast-site-content-layout":"default","site-content-style":"default","site-sidebar-style":"default","ast-global-header-display":"","ast-banner-title-visibility":"","ast-main-header-display":"","ast-hfb-above-header-display":"","ast-hfb-below-header-display":"","ast-hfb-mobile-header-display":"","site-post-title":"","ast-breadcrumbs-content":"","ast-featured-img":"","footer-sml-layout":"","theme-transparent-header-meta":"disabled","adv-header-id-meta":"","stick-header-meta":"","header-above-stick-meta":"","header-main-stick-meta":"","header-below-stick-meta":"","astra-migrate-meta-layouts":"default","ast-page-background-enabled":"default","ast-page-background-meta":{"desktop":{"background-color":"var(--ast-global-color-4)","background-image":"","background-repeat":"repeat","background-position":"center center","background-size":"auto","background-attachment":"scroll","background-type":"","background-media":"","overlay-type":"","overlay-color":"","overlay-opacity":"","overlay-gradient":""},"tablet":{"background-color":"","background-image":"","background-repeat":"repeat","background-position":"center center","background-size":"auto","background-attachment":"scroll","background-type":"","background-media":"","overlay-type":"","overlay-color":"","overlay-opacity":"","overlay-gradient":""},"mobile":{"background-color":"","background-image":"","background-repeat":"repeat","background-position":"center center","background-size":"auto","background-attachment":"scroll","background-type":"","background-media":"","overlay-type":"","overlay-color":"","overlay-opacity":"","overlay-gradient":""}},"ast-content-background-meta":{"desktop":{"background-color":"var(--ast-global-color-5)","background-image":"","background-repeat":"repeat","background-position":"center center","background-size":"auto","background-attachment":"scroll","background-type":"","background-media":"","overlay-type":"","overlay-color":"","overlay-opacity":"","overlay-gradient":""},"tablet":{"background-color":"var(--ast-global-color-5)","background-image":"","background-repeat":"repeat","background-position":"center center","background-size":"auto","background-attachment":"scroll","background-type":"","background-media":"","overlay-type":"","overlay-color":"","overlay-opacity":"","overlay-gradient":""},"mobile":{"background-color":"var(--ast-global-color-5)","background-image":"","background-repeat":"repeat","background-position":"center center","background-size":"auto","background-attachment":"scroll","background-type":"","background-media":"","overlay-type":"","overlay-color":"","overlay-opacity":"","overlay-gradient":""}},"footnotes":""},"class_list":["post-48","page","type-page","status-publish","hentry"],"_links":{"self":[{"href":"http:\/\/www.rikatekstil.com.tr\/index.php?rest_route=\/wp\/v2\/pages\/48","targetHints":{"allow":["GET"]}}],"collection":[{"href":"http:\/\/www.rikatekstil.com.tr\/index.php?rest_route=\/wp\/v2\/pages"}],"about":[{"href":"http:\/\/www.rikatekstil.com.tr\/index.php?rest_route=\/wp\/v2\/types\/page"}],"author":[{"embeddable":true,"href":"http:\/\/www.rikatekstil.com.tr\/index.php?rest_route=\/wp\/v2\/users\/1"}],"replies":[{"embeddable":true,"href":"http:\/\/www.rikatekstil.com.tr\/index.php?rest_route=%2Fwp%2Fv2%2Fcomments&post=48"}],"version-history":[{"count":14,"href":"http:\/\/www.rikatekstil.com.tr\/index.php?rest_route=\/wp\/v2\/pages\/48\/revisions"}],"predecessor-version":[{"id":211,"href":"http:\/\/www.rikatekstil.com.tr\/index.php?rest_route=\/wp\/v2\/pages\/48\/revisions\/211"}],"wp:attachment":[{"href":"http:\/\/www.rikatekstil.com.tr\/index.php?rest_route=%2Fwp%2Fv2%2Fmedia&parent=48"}],"curies":[{"name":"wp","href":"https:\/\/api.w.org\/{rel}","templated":true}]}}