{"id":46,"date":"2024-01-25T22:03:24","date_gmt":"2024-01-25T22:03:24","guid":{"rendered":"http:\/\/www.rikatekstil.com.tr\/?page_id=46"},"modified":"2024-01-27T09:24:26","modified_gmt":"2024-01-27T09:24:26","slug":"iletisim","status":"publish","type":"page","link":"http:\/\/www.rikatekstil.com.tr\/?page_id=46","title":{"rendered":"\u0130leti\u015fim"},"content":{"rendered":"\n<p><\/p>\n\n\n\n<p class=\"has-ast-global-color-4-background-color has-background\">+90 538 445 45 33<br>info@rikatekstil.com.tr<\/p>\n\n\n\n<div class=\"wp-block-columns is-layout-flex wp-container-core-columns-is-layout-28f84493 wp-block-columns-is-layout-flex\">\n<div class=\"wp-block-column is-layout-flow wp-block-column-is-layout-flow\">\n<iframe src=\"https:\/\/www.google.com\/maps\/embed?pb=!1m18!1m12!1m3!1d189.0941018594073!2d30.664873417491055!3d40.684860515730854!2m3!1f0!2f0!3f0!3m2!1i1024!2i768!4f13.1!3m3!1m2!1s0x14cccd333c1a7c13%3A0x957077d743eacd49!2zR8OWTEdFTSBURUtTVMSwTA!5e0!3m2!1str!2str!4v1706222314324!5m2!1str!2str\" width=\"800\" height=\"600\" style=\"border:0;\" allowfullscreen=\"\" loading=\"lazy\" referrerpolicy=\"no-referrer-when-downgrade\"><\/iframe>\n<\/div>\n\n\n\n<div class=\"wp-block-column is-layout-flow wp-block-column-is-layout-flow\">\nBize Ula\u015f\u0131n:\n \n<!DOCTYPE html>\n<html>\n<head>\n    <title><\/title>\n<\/head>\n \n<body>\n    <div class=\"container\">\n        <form id=\"contact\" action=\"\" method=\"\">\n            <h2>\u0130leti\u015fim Sayfas\u0131<\/h2>\n            <div class=\"form-control\">\n                <input placeholder=\"Ad\u0131n\u0131z Soyad\u0131n\u0131z\" type=\"text\" required autofocus>\n            <\/div>\n            <div class=\"form-control\">\n                <input placeholder=\"E-Posta Adresiniz\" type=\"email\" required>\n            <\/div>\n            <div class=\"form-control\">\n                <input placeholder=\"Konu\" type=\"text\" required>\n            <\/div>\n            <div class=\"form-control\">\n                <textarea placeholder=\"L\u00fctfen Mesaj\u0131n\u0131z\u0131 Buraya Yaz\u0131n..\" required><\/textarea>\n            <\/div>\n            <div class=\"form-control\">\n                <button name=\"submit\" type=\"submit\" id=\"submit\">G\u00d6NDER<\/button>\n            <\/div>\n        <\/form>\n    <\/div>\n<\/body>\n<\/html>\n<\/div>\n<\/div>\n\n\n\n<p><\/p>\n","protected":false},"excerpt":{"rendered":"<p>+90 538 445 45 33info@rikatekstil.com.tr Bize Ula\u015f\u0131n: \u0130leti\u015fim Sayfas\u0131 G\u00d6NDER<\/p>\n","protected":false},"author":1,"featured_media":0,"parent":0,"menu_order":0,"comment_status":"closed","ping_status":"closed","template":"","meta":{"site-sidebar-layout":"default","site-content-layout":"","ast-site-content-layout":"","site-content-style":"default","site-sidebar-style":"default","ast-global-header-display":"","ast-banner-title-visibility":"","ast-main-header-display":"","ast-hfb-above-header-display":"","ast-hfb-below-header-display":"","ast-hfb-mobile-header-display":"","site-post-title":"","ast-breadcrumbs-content":"","ast-featured-img":"","footer-sml-layout":"","theme-transparent-header-meta":"","adv-header-id-meta":"","stick-header-meta":"","header-above-stick-meta":"","header-main-stick-meta":"","header-below-stick-meta":"","astra-migrate-meta-layouts":"default","ast-page-background-enabled":"default","ast-page-background-meta":{"desktop":{"background-color":"var(--ast-global-color-4)","background-image":"","background-repeat":"repeat","background-position":"center center","background-size":"auto","background-attachment":"scroll","background-type":"","background-media":"","overlay-type":"","overlay-color":"","overlay-opacity":"","overlay-gradient":""},"tablet":{"background-color":"","background-image":"","background-repeat":"repeat","background-position":"center center","background-size":"auto","background-attachment":"scroll","background-type":"","background-media":"","overlay-type":"","overlay-color":"","overlay-opacity":"","overlay-gradient":""},"mobile":{"background-color":"","background-image":"","background-repeat":"repeat","background-position":"center center","background-size":"auto","background-attachment":"scroll","background-type":"","background-media":"","overlay-type":"","overlay-color":"","overlay-opacity":"","overlay-gradient":""}},"ast-content-background-meta":{"desktop":{"background-color":"var(--ast-global-color-5)","background-image":"","background-repeat":"repeat","background-position":"center center","background-size":"auto","background-attachment":"scroll","background-type":"","background-media":"","overlay-type":"","overlay-color":"","overlay-opacity":"","overlay-gradient":""},"tablet":{"background-color":"var(--ast-global-color-5)","background-image":"","background-repeat":"repeat","background-position":"center center","background-size":"auto","background-attachment":"scroll","background-type":"","background-media":"","overlay-type":"","overlay-color":"","overlay-opacity":"","overlay-gradient":""},"mobile":{"background-color":"var(--ast-global-color-5)","background-image":"","background-repeat":"repeat","background-position":"center center","background-size":"auto","background-attachment":"scroll","background-type":"","background-media":"","overlay-type":"","overlay-color":"","overlay-opacity":"","overlay-gradient":""}},"footnotes":""},"class_list":["post-46","page","type-page","status-publish","hentry"],"_links":{"self":[{"href":"http:\/\/www.rikatekstil.com.tr\/index.php?rest_route=\/wp\/v2\/pages\/46","targetHints":{"allow":["GET"]}}],"collection":[{"href":"http:\/\/www.rikatekstil.com.tr\/index.php?rest_route=\/wp\/v2\/pages"}],"about":[{"href":"http:\/\/www.rikatekstil.com.tr\/index.php?rest_route=\/wp\/v2\/types\/page"}],"author":[{"embeddable":true,"href":"http:\/\/www.rikatekstil.com.tr\/index.php?rest_route=\/wp\/v2\/users\/1"}],"replies":[{"embeddable":true,"href":"http:\/\/www.rikatekstil.com.tr\/index.php?rest_route=%2Fwp%2Fv2%2Fcomments&post=46"}],"version-history":[{"count":14,"href":"http:\/\/www.rikatekstil.com.tr\/index.php?rest_route=\/wp\/v2\/pages\/46\/revisions"}],"predecessor-version":[{"id":226,"href":"http:\/\/www.rikatekstil.com.tr\/index.php?rest_route=\/wp\/v2\/pages\/46\/revisions\/226"}],"wp:attachment":[{"href":"http:\/\/www.rikatekstil.com.tr\/index.php?rest_route=%2Fwp%2Fv2%2Fmedia&parent=46"}],"curies":[{"name":"wp","href":"https:\/\/api.w.org\/{rel}","templated":true}]}}